
{"id":3566,"date":"2017-11-12T11:04:07","date_gmt":"2017-11-12T10:04:07","guid":{"rendered":"https:\/\/agenziasabbiadoro.it\/?page_id=3566"},"modified":"2021-01-09T19:01:18","modified_gmt":"2021-01-09T18:01:18","slug":"acquisto","status":"publish","type":"page","link":"https:\/\/agenziasabbiadoro.it\/de\/acquisto","title":{"rendered":"Property Finder in Lignano Sabbiadoro"},"content":{"rendered":"<p>[vc_row][vc_column][vc_custom_heading text=&#8220;An einer einzigen Verkaufsstelle stehen dir bei uns alle Immobilien in Lignano Sabbiadoro zur Verf\u00fcgung.&#8220; font_container=&#8220;tag:h2|text_align:center|color:%230081b8&#8243; google_fonts=&#8220;font_family:Lato%3A100%2C100italic%2C300%2C300italic%2Cregular%2Citalic%2C700%2C700italic%2C900%2C900italic|font_style:400%20regular%3A400%3Anormal&#8220; css=&#8220;.vc_custom_1610112886045{padding-bottom: 20px !important;}&#8220;][vc_column_text]<\/p>\n<p style=\"text-align: justify;\">Unsere Loyalit\u00e4t und Seriosit\u00e4t, gute Arbeit und Erfahrung in diesem Bereich haben es uns erm\u00f6glicht, das Vertrauen zu haben, <strong>direkte Zusammenarbeit mit anderen Immobilienmakler in der Umgebung haben<\/strong>, die alle in Lignano Sabbiadoro verkauften Immobilien zu unserer Verf\u00fcgung.<\/p>\n<p style=\"text-align: justify;\">In Lignano Sabbiadoro bietet die Agenzia Sabbiadoro seit kurzem <strong>professionelle Unterst\u00fctzung f\u00fcr K\u00e4ufer f\u00fcr Haus- und Wohnungsk\u00e4ufer im Badeort<\/strong>. Der Kauf einer Wohnung, Villa oder eines Hauses ist bereits f\u00fcr viele Deutsche und \u00d6sterreicher aus sprachlichen Gr\u00fcnden eine H\u00fcrde. Dar\u00fcber hinaus gibt es unz\u00e4hlige gesetzliche Bestimmungen und Richtlinien sowie das Fehlen eines allgemeinen Preisindex f\u00fcr neue und bestehende Immobilien in Lignano Sabbiadoro. Nicht zuletzt sorgt die Tatsache, dass lokale Immobilienmakler in einigen F\u00e4llen kein Exklusivverkaufsrecht haben. Dies f\u00fchrt zu weiterer Verwirrung bei ortsfremden Immobilieninvestoren. Die Preise f\u00fcr dieselbe Immobilie k\u00f6nnen je nach Anbieter stark variieren. Gleiches gilt f\u00fcr die Wohnungen in derselben Wohnanlage. Au\u00dferdem gibt es private Verk\u00e4ufer, die f\u00fcr weiteres Chaos sorgen.<\/p>\n<p style=\"text-align: justify;\">Eigentlich nichts Neues. Letztlich war der Immobilienmarkt in Lignano Sabbiadoro schon immer vollen Fallstricken f\u00fcr unbedarfte Haus- und Wohnungsk\u00e4ufer aus Deutschland und \u00d6sterreich. Zum Beispiel nie genehmigte Anbauten, fehlende Genehmigungen, Steuerschulden oder gar irreparable Bausch\u00e4den, werden oft enth\u00fcllet, wenn es bereits zu sp\u00e4t ist. Nicht umsonst empfehlen Branchenexperten seit Jahren, immer einen Anwalt oder Bausachverst\u00e4ndigen an die Seite zu haben, bevor man eine Immobilie in Lignano Sabbiadoro kauft. Jedoch auch die sind letztendlich keine Garantie daf\u00fcr, dass den Immobilieneinkauf gl\u00fccklich endet. Anw\u00e4lte k\u00f6nnen eine Immobilie nur auf deren aktuellen Rechtsstatus pr\u00fcfen. Die Aufgabe von Bausachverst\u00e4ndigen beschr\u00e4nke sich lediglich darauf, M\u00e4ngel und geb\u00e4udetechnische Fehler an den Immobilien aufzusp\u00fcren. Nicht mehr.<\/p>\n<p style=\"text-align: justify;\">Im Gegenteil, <strong>wir bieten unseren Kunden einen wesentlich umfassenderen Schutz beim Immobilienkauf<\/strong>. Am Anfang steht die Frage: Was will der Kunde wirklich? Eine Wohnung mit Meerblick, ein Reihenhaus in der Wohnanlage mit Swimmingpool oder ein Einfamilienhaus mitten im Kiefernwald? Als Profis an deiner Seite sind wir in der Lage, alle Vor- und Nachteile in Bezug auf Lage, aktuelle Marktpreise, erwartete Nebenkosten oder die M\u00f6glichkeiten einer Ferienvermietung zu geben. Wir beraten unsere Kunden v\u00f6llig unabh\u00e4ngig von unserem Portfolio oder dem eines anderen Maklers in Lignano Sabbiadoro.<\/p>\n<h3 style=\"text-align: justify;\"><strong>Was genau macht ein Property Finder?<\/strong><\/h3>\n<p style=\"text-align: justify;\">Einfach: <strong>Wir suchen das Eigentum deines Interesses, wir verhandeln den Preis und konsolidieren die beste L\u00f6sung<\/strong>. Als Immobilienmarktexperten bieten wir pers\u00f6nliche und exklusive Unterst\u00fctzung, um das Verfahren zu beschleunigen und dir Zeit zu sparen.<\/p>\n<p style=\"text-align: justify;\">Wir empfehlen dich die interessantesten Immobilien auf dem Markt in Lignano Sabbiadoro und planen Besuchstermine f\u00fcr dich. Dank unserer umfassenden Marktkenntnisse <strong>verschwendest du keine Zeit damit, die Objekte anzusehen, die deinen Anforderungen nicht entsprechen<\/strong>.<\/p>\n<p style=\"text-align: justify;\">Wir f\u00fchren eine Marktstudie durch, um das optimale Kaufangebot f\u00fcr die jeweilige Immobilie vorzuschlagen. Wir stehen dich bei aller Phasen des Handls zur Seite.<\/p>\n<p style=\"text-align: justify;\"><em>Genie\u00df den Immobilienkauf und vermeid typische Organisationssorgen, Marktforschung und B\u00fcrokratie. Unser multidisziplin\u00e4res Beraterteam analysiert Schritt f\u00fcr Schritt jedes Detail f\u00fcr jede Art von Immobilie, sei es: Wohnung, Penthaus, Maisonette, Villa, Reihenhaus &#8230;<\/em><\/p>\n<p>&nbsp;<\/p>\n<h4 style=\"text-align: justify;\">Wie wir arbeiten:<\/h4>\n<ol>\n<li><strong> Stufe &#8211; Beratung zum Kaufgegenstand<\/strong><\/li>\n<\/ol>\n<ul>\n<li>ein pers\u00f6nliches, direktes und vertrauliches Gespr\u00e4ch mit unseren Kunden, in unseren B\u00fcros, zu Hause, am Telefon oder per Videoanruf, um spezifische Ersuchen zu besprechen<\/li>\n<li>Kostenerbestimmung (Gesch\u00e4ftsplan)<\/li>\n<li>Aktivit\u00e4tsplanung<\/li>\n<\/ul>\n<ol start=\"2\">\n<li><strong> Stufe \u2013<\/strong> <strong>Forschung<\/strong><\/li>\n<\/ol>\n<ul>\n<li>Angebotsuntersuchung auf dem Immobilienmarkt in Lignano Sabbiadoro<\/li>\n<li>Termine und Besichtigungen mit Immobilienmakler und Privatpersonen im Namen des Kunden, um das erste Screening durchzuf\u00fchren<\/li>\n<li>Pr\u00e4sentation eines Immobilienportfolios<\/li>\n<li>personalisierte Besuche, die sich in kurzer Zeit konzentrieren und streng von einem regelm\u00e4\u00dfig registrierten Immobilienmakler begleitet werden<\/li>\n<li>Sammlung aller n\u00fctzlichen Urkunde und Informationen, wobei dem Kunden ein detaillierter Bericht mit unserer Bewertung \u00fcber die besuchten Immobilien vorgelegt wird<\/li>\n<li>\u00dcberpr\u00fcfung der Dokumentation mit Branchenexperten<\/li>\n<li>Wahl der Immobilie<\/li>\n<\/ul>\n<ol start=\"3\">\n<li><strong> Stufe \u2013 <\/strong><strong>Verhandlung<\/strong><\/li>\n<\/ol>\n<ul>\n<li>Pr\u00fcfung der Immobilie anhand von:\n<ul>\n<li>aktuellem Grundbuchauszug zur Kl\u00e4rung der Eigentumsverh\u00e4ltnisse und der offiziellen registrierten Geb\u00e4udeteile<\/li>\n<li>aktuellem Katasterblatt<\/li>\n<\/ul>\n<\/li>\n<li>Beurteilung der Immobilie aus Sicht von \u201eAgenzia Sabbiadoro\u201c<\/li>\n<li>Zusammenfassender Bericht zur Immobilie<\/li>\n<li>Rechts- und Steuerberatung f\u00fcr den Kauf<\/li>\n<li>strukturelle technische Beratung mit eventuellem Gutachten<\/li>\n<li>Beratung f\u00fcr zinsg\u00fcnstige Kredite und Hausversicherungen<\/li>\n<li>Ausarbeitung des Kaufangebots<\/li>\n<li>Unterst\u00fctzung bei Verhandlungen mit dem Verk\u00e4ufer<\/li>\n<li>Ausarbeitung und Registrierung des Kaufvorvertrags<\/li>\n<li>Vorbereitung des Notartermins<\/li>\n<li>vollst\u00e4ndige Unterst\u00fctzung bis zur notariellen Urkunde<strong><br \/>\n<\/strong><\/li>\n<\/ul>\n<ol start=\"4\">\n<li><strong> Stufe \u2013 Notarvertrag<\/strong><\/li>\n<\/ol>\n<ul>\n<li>Vertragsentwurf<\/li>\n<li>Kostensch\u00e4tzung f\u00fcr Abwicklung des Kaufes und Steuern<\/li>\n<li>Begleitung beim Notartermin<\/li>\n<li>Kontrolle der Papiere nach Eintragung:\n<ul>\n<li>Kaufurkunde<\/li>\n<li>Grundbuchauszug<\/li>\n<li>Kataster<\/li>\n<li>Steuerbelege<\/li>\n<\/ul>\n<\/li>\n<li>Lieferung einer offiziellen Kopie der notariellen Urkunde<\/li>\n<\/ul>\n<ol start=\"5\">\n<li><strong> Stufe &#8211; <\/strong><strong>Post-Urkunde Dienstleistungen<\/strong><\/li>\n<\/ol>\n<ul>\n<li>Ummeldung der Dienstleister f\u00fcr Wasser, Strom, Gas, Kondominiumverwalter ecc.<\/li>\n<li>Betreuung bei der Renovierung oder Bausanierung, falls erforderlich<\/li>\n<li>Innenarchitektur- und Einrichtungsberatung<\/li>\n<li>Beratung f\u00fcr Reinigungsdienste<\/li>\n<\/ul>\n<h3><strong>DAS ALLES STRENG AUF DEUTSCH!<\/strong><\/h3>\n<p>&nbsp;<\/p>\n<h3 style=\"text-align: justify;\">Aber wie viel kostet der &#8222;Property Finder&#8220;-Service in Lignano Sabbiadoro f\u00fcr Immobilienk\u00e4ufer?<\/h3>\n<p style=\"text-align: justify;\">Das Honorar der Beratung h\u00e4ngt vom Kaufpreis der Immobilie ab, wird jedoch im Voraus in Absprache mit dem Kunden festgelegt. Und um es noch einfacher zu machen: Wenn du interessiert bist, ruf uns an und informier dich \u00fcber unsere Angebote. Ganz unverbindlich. Dort kann nichts schief gehen.<\/p>\n<p>&nbsp;<\/p>\n<h3 style=\"text-align: justify;\"><em>Such deine Immobilie in Lignano Sabbiadoro mit Agenzia Sabbiadoro<\/em><\/h3>\n<p style=\"text-align: justify;\">Wenn du eine Immobilie in Lignano Sabbiadoro sucht, die zum Verkauf steht, dann vertrau dich exklusiv Agenzia Sabbiadoro an.<\/p>\n<p style=\"text-align: justify;\">F\u00fcll das folgende Formular aus und wir werden dich sobald wie m\u00f6glich kontaktieren. Nenn uns die Hauptmerkmale der Immobilie, die du sucht, oder, wenn dich das lieber ist, send uns eine allgemeine Anfrage und wir werden dich sobald wie m\u00f6glich kontaktieren.<\/p>\n<p style=\"text-align: justify;\"><span style=\"color: #1c2b31;\"><em>\u00a0<\/em><\/span><\/p>\n<p>[\/vc_column_text][\/vc_column][\/vc_row][vc_row full_width=&#8220;stretch_row&#8220; css=&#8220;.vc_custom_1610119414702{background-color: #eeeeee !important;}&#8220;][vc_column width=&#8220;1\/4&#8243;][\/vc_column][vc_column width=&#8220;1\/2&#8243;][vc_empty_space height=&#8220;40&#8243;][vc_column_text]<\/p>\n<h2 class=\"text-center pb-4\" style=\"text-align: center;\"><em>Kontakt mit Agenzia Sabbiadoro<\/em><\/h2>\n<p>[\/vc_column_text][vc_column_text css=&#8220;.vc_custom_1610121108182{margin-top: 0px !important;margin-right: 20px !important;margin-bottom: 20px !important;margin-left: 20px !important;border-top-width: 0px !important;border-right-width: 10px !important;border-bottom-width: 10px !important;border-left-width: 10px !important;padding-top: 1px !important;padding-right: 25px !important;padding-bottom: 25px !important;padding-left: 25px !important;background-color: #ffffff !important;border-radius: 20px !important;}&#8220;]<\/p>\n<p style=\"text-align: center;\"><div class=\"wpforms-container wpforms-container-full\" id=\"wpforms-11802\"><form id=\"wpforms-form-11802\" class=\"wpforms-validate wpforms-form\" data-formid=\"11802\" method=\"post\" enctype=\"multipart\/form-data\" action=\"\/de\/wp-json\/wp\/v2\/pages\/3566\" data-token=\"5aafa389c8e4e3647a6233b82b52d1e5\"><noscript class=\"wpforms-error-noscript\">Bitte aktiviere JavaScript in deinem Browser, um dieses Formular fertigzustellen.<\/noscript><div class=\"wpforms-field-container\"><div id=\"wpforms-11802-field_0-container\" class=\"wpforms-field wpforms-field-name\" data-field-id=\"0\"><label class=\"wpforms-field-label wpforms-label-hide\" for=\"wpforms-11802-field_0\">Name <span class=\"wpforms-required-label\">*<\/span><\/label><div class=\"wpforms-field-row wpforms-field-large\"><div class=\"wpforms-field-row-block wpforms-first wpforms-one-half\"><input type=\"text\" id=\"wpforms-11802-field_0\" class=\"wpforms-field-name-first wpforms-field-required\" name=\"wpforms[fields][0][first]\" placeholder=\"Name\" required><label for=\"wpforms-11802-field_0\" class=\"wpforms-field-sublabel after wpforms-sublabel-hide\">Vorname<\/label><\/div><div class=\"wpforms-field-row-block wpforms-one-half\"><input type=\"text\" id=\"wpforms-11802-field_0-last\" class=\"wpforms-field-name-last wpforms-field-required\" name=\"wpforms[fields][0][last]\" placeholder=\"Nachname\" required><label for=\"wpforms-11802-field_0-last\" class=\"wpforms-field-sublabel after wpforms-sublabel-hide\">Nachname<\/label><\/div><\/div><\/div><div id=\"wpforms-11802-field_1-container\" class=\"wpforms-field wpforms-field-email wpforms-one-half wpforms-first\" data-field-id=\"1\"><label class=\"wpforms-field-label wpforms-label-hide\" for=\"wpforms-11802-field_1\">Email <span class=\"wpforms-required-label\">*<\/span><\/label><input type=\"email\" id=\"wpforms-11802-field_1\" class=\"wpforms-field-large wpforms-field-required\" name=\"wpforms[fields][1]\" placeholder=\"Email\" spellcheck=\"false\" required><\/div><div id=\"wpforms-11802-field_4-container\" class=\"wpforms-field wpforms-field-phone wpforms-one-half\" data-field-id=\"4\"><label class=\"wpforms-field-label wpforms-label-hide\" for=\"wpforms-11802-field_4\">Telefon <span class=\"wpforms-required-label\">*<\/span><\/label><input type=\"tel\" id=\"wpforms-11802-field_4\" class=\"wpforms-field-large wpforms-field-required wpforms-smart-phone-field\" data-rule-smart-phone-field=\"true\" name=\"wpforms[fields][4]\" placeholder=\"Telefon\" required><\/div><div id=\"wpforms-11802-field_2-container\" class=\"wpforms-field wpforms-field-textarea\" data-field-id=\"2\"><label class=\"wpforms-field-label wpforms-label-hide\" for=\"wpforms-11802-field_2\">Nachricht <span class=\"wpforms-required-label\">*<\/span><\/label><textarea id=\"wpforms-11802-field_2\" class=\"wpforms-field-medium wpforms-field-required\" name=\"wpforms[fields][2]\" placeholder=\"Ihre Nachricht: Schreiben Sie Ihre Nachricht hier, um weitere Informationen zu erhalten\" required><\/textarea><\/div><\/div><!-- .wpforms-field-container --><div class=\"wpforms-field wpforms-field-hp\"><label for=\"wpforms-11802-field-hp\" class=\"wpforms-field-label\">Comment<\/label><input type=\"text\" name=\"wpforms[hp]\" id=\"wpforms-11802-field-hp\" class=\"wpforms-field-medium\"><\/div><div class=\"wpforms-recaptcha-container wpforms-is-recaptcha\" ><div class=\"g-recaptcha\" data-sitekey=\"6LcDGPgUAAAAACJmZv8F2zVZzgQ7h-OEaWyx-Z_t\"><\/div><input type=\"text\" name=\"g-recaptcha-hidden\" class=\"wpforms-recaptcha-hidden\" style=\"position:absolute!important;clip:rect(0,0,0,0)!important;height:1px!important;width:1px!important;border:0!important;overflow:hidden!important;padding:0!important;margin:0!important;\" data-rule-recaptcha=\"1\"><\/div><div class=\"wpforms-submit-container\" ><input type=\"hidden\" name=\"wpforms[id]\" value=\"11802\"><input type=\"hidden\" name=\"wpforms[author]\" value=\"1\"><button type=\"submit\" name=\"wpforms[submit]\" id=\"wpforms-submit-11802\" class=\"wpforms-submit\" data-alt-text=\"Senden...\" data-submit-text=\"SENDEN\" aria-live=\"assertive\" value=\"wpforms-submit\">SENDEN<\/button><\/div><\/form><\/div>  <!-- .wpforms-container --><\/p>\n<p>[\/vc_column_text][vc_empty_space height=&#8220;40px&#8220;][\/vc_column][vc_column width=&#8220;1\/4&#8243;][\/vc_column][\/vc_row]<\/p>\n","protected":false},"excerpt":{"rendered":"<p>[vc_row][vc_column][vc_custom_heading text=&#8220;An einer einzigen Verkaufsstelle stehen dir bei uns alle Immobilien in Lignano Sabbiadoro zur Verf\u00fcgung.&#8220; font_container=&#8220;tag:h2|text_align:center|color:%230081b8&#8243; google_fonts=&#8220;font_family:Lato%3A100%2C100italic%2C300%2C300italic%2Cregular%2Citalic%2C700%2C700italic%2C900%2C900italic|font_style:400%20regular%3A400%3Anormal&#8220; css=&#8220;.vc_custom_1610112886045{padding-bottom: 20px !important;}&#8220;][vc_column_text] Unsere Loyalit\u00e4t und Seriosit\u00e4t, gute Arbeit und Erfahrung in diesem Bereich haben es uns erm\u00f6glicht, das Vertrauen zu haben, direkte Zusammenarbeit mit anderen Immobilienmakler in der Umgebung haben, die alle in Lignano Sabbiadoro verkauften [&hellip;]<\/p>\n","protected":false},"author":1,"featured_media":8190,"parent":0,"menu_order":0,"comment_status":"closed","ping_status":"closed","template":"template\/template-page.php","meta":{"_acf_changed":false,"_monsterinsights_skip_tracking":false,"_monsterinsights_sitenote_active":false,"_monsterinsights_sitenote_note":"","_monsterinsights_sitenote_category":0,"footnotes":""},"class_list":["post-3566","page","type-page","status-publish","has-post-thumbnail","hentry"],"acf":[],"yoast_head":"<!-- This site is optimized with the Yoast SEO plugin v27.3 - https:\/\/yoast.com\/product\/yoast-seo-wordpress\/ -->\n<title>Immobilien kaufen in Lignano Sabbiadoro | Agenzia Sabbiadoro<\/title>\n<meta name=\"description\" content=\"Wohnungen, H\u00e4user, Villas und Immobilien am Meer zu verkaufen - Verlass dich auf Agenzia Sabbiaddoro in Lignano Sabbiadoro.\" \/>\n<meta name=\"robots\" content=\"index, follow, max-snippet:-1, max-image-preview:large, max-video-preview:-1\" \/>\n<link rel=\"canonical\" href=\"https:\/\/agenziasabbiadoro.it\/de\/acquisto\" \/>\n<meta property=\"og:locale\" content=\"de_DE\" \/>\n<meta property=\"og:type\" content=\"article\" \/>\n<meta property=\"og:title\" content=\"Finde hier dein Haus in Lignano Sabbiadoro\" \/>\n<meta property=\"og:description\" content=\"An einer einzigen Verkaufsstelle stehen dir bei uns alle Immobilien in Lignano Sabbiadoro zur Verf\u00fcgung\" \/>\n<meta property=\"og:url\" content=\"https:\/\/agenziasabbiadoro.it\/de\/acquisto\" \/>\n<meta property=\"og:site_name\" content=\"Agenzia Sabbiadoro\" \/>\n<meta property=\"article:publisher\" content=\"https:\/\/www.facebook.com\/AgenziaSabbiadoro\/\" \/>\n<meta property=\"article:modified_time\" content=\"2021-01-09T18:01:18+00:00\" \/>\n<meta property=\"og:image\" content=\"https:\/\/agenziasabbiadoro.it\/wp-content\/uploads\/2020\/04\/03_casa-scaled.jpg\" \/>\n\t<meta property=\"og:image:width\" content=\"2560\" \/>\n\t<meta property=\"og:image:height\" content=\"1829\" \/>\n\t<meta property=\"og:image:type\" content=\"image\/jpeg\" \/>\n<meta name=\"twitter:card\" content=\"summary_large_image\" \/>\n<meta name=\"twitter:label1\" content=\"Gesch\u00e4tzte Lesezeit\" \/>\n\t<meta name=\"twitter:data1\" content=\"6\u00a0Minuten\" \/>\n<script type=\"application\/ld+json\" class=\"yoast-schema-graph\">{\"@context\":\"https:\\\/\\\/schema.org\",\"@graph\":[{\"@type\":\"WebPage\",\"@id\":\"https:\\\/\\\/agenziasabbiadoro.it\\\/de\\\/acquisto\",\"url\":\"https:\\\/\\\/agenziasabbiadoro.it\\\/de\\\/acquisto\",\"name\":\"Immobilien kaufen in Lignano Sabbiadoro | Agenzia Sabbiadoro\",\"isPartOf\":{\"@id\":\"https:\\\/\\\/agenziasabbiadoro.it\\\/#website\"},\"primaryImageOfPage\":{\"@id\":\"https:\\\/\\\/agenziasabbiadoro.it\\\/de\\\/acquisto#primaryimage\"},\"image\":{\"@id\":\"https:\\\/\\\/agenziasabbiadoro.it\\\/de\\\/acquisto#primaryimage\"},\"thumbnailUrl\":\"https:\\\/\\\/agenziasabbiadoro.it\\\/wp-content\\\/uploads\\\/2018\\\/06\\\/11_vista-mare-appartamento-piscina-lignano.jpg\",\"datePublished\":\"2017-11-12T10:04:07+00:00\",\"dateModified\":\"2021-01-09T18:01:18+00:00\",\"description\":\"Wohnungen, H\u00e4user, Villas und Immobilien am Meer zu verkaufen - Verlass dich auf Agenzia Sabbiaddoro in Lignano Sabbiadoro.\",\"breadcrumb\":{\"@id\":\"https:\\\/\\\/agenziasabbiadoro.it\\\/de\\\/acquisto#breadcrumb\"},\"inLanguage\":\"de\",\"potentialAction\":[{\"@type\":\"ReadAction\",\"target\":[\"https:\\\/\\\/agenziasabbiadoro.it\\\/de\\\/acquisto\"]}]},{\"@type\":\"ImageObject\",\"inLanguage\":\"de\",\"@id\":\"https:\\\/\\\/agenziasabbiadoro.it\\\/de\\\/acquisto#primaryimage\",\"url\":\"https:\\\/\\\/agenziasabbiadoro.it\\\/wp-content\\\/uploads\\\/2018\\\/06\\\/11_vista-mare-appartamento-piscina-lignano.jpg\",\"contentUrl\":\"https:\\\/\\\/agenziasabbiadoro.it\\\/wp-content\\\/uploads\\\/2018\\\/06\\\/11_vista-mare-appartamento-piscina-lignano.jpg\",\"width\":2800,\"height\":1748,\"caption\":\"vista mare appartamento in vendita in condominio con piscina a lignano sabbiadoro\"},{\"@type\":\"BreadcrumbList\",\"@id\":\"https:\\\/\\\/agenziasabbiadoro.it\\\/de\\\/acquisto#breadcrumb\",\"itemListElement\":[{\"@type\":\"ListItem\",\"position\":1,\"name\":\"Home\",\"item\":\"https:\\\/\\\/agenziasabbiadoro.it\\\/de\"},{\"@type\":\"ListItem\",\"position\":2,\"name\":\"Property Finder in Lignano Sabbiadoro\"}]},{\"@type\":\"WebSite\",\"@id\":\"https:\\\/\\\/agenziasabbiadoro.it\\\/#website\",\"url\":\"https:\\\/\\\/agenziasabbiadoro.it\\\/\",\"name\":\"Agenzia Sabbiadoro\",\"description\":\"\",\"publisher\":{\"@id\":\"https:\\\/\\\/agenziasabbiadoro.it\\\/#organization\"},\"potentialAction\":[{\"@type\":\"SearchAction\",\"target\":{\"@type\":\"EntryPoint\",\"urlTemplate\":\"https:\\\/\\\/agenziasabbiadoro.it\\\/?s={search_term_string}\"},\"query-input\":{\"@type\":\"PropertyValueSpecification\",\"valueRequired\":true,\"valueName\":\"search_term_string\"}}],\"inLanguage\":\"de\"},{\"@type\":\"Organization\",\"@id\":\"https:\\\/\\\/agenziasabbiadoro.it\\\/#organization\",\"name\":\"Agenzia Immobiliare Sabbiadoro\",\"url\":\"https:\\\/\\\/agenziasabbiadoro.it\\\/\",\"logo\":{\"@type\":\"ImageObject\",\"inLanguage\":\"de\",\"@id\":\"https:\\\/\\\/agenziasabbiadoro.it\\\/#\\\/schema\\\/logo\\\/image\\\/\",\"url\":\"https:\\\/\\\/agenziasabbiadoro.it\\\/wp-content\\\/uploads\\\/2019\\\/03\\\/Colore_rid.jpg\",\"contentUrl\":\"https:\\\/\\\/agenziasabbiadoro.it\\\/wp-content\\\/uploads\\\/2019\\\/03\\\/Colore_rid.jpg\",\"width\":1754,\"height\":1240,\"caption\":\"Agenzia Immobiliare Sabbiadoro\"},\"image\":{\"@id\":\"https:\\\/\\\/agenziasabbiadoro.it\\\/#\\\/schema\\\/logo\\\/image\\\/\"},\"sameAs\":[\"https:\\\/\\\/www.facebook.com\\\/AgenziaSabbiadoro\\\/\"]}]}<\/script>\n<!-- \/ Yoast SEO plugin. -->","yoast_head_json":{"title":"Immobilien kaufen in Lignano Sabbiadoro | Agenzia Sabbiadoro","description":"Wohnungen, H\u00e4user, Villas und Immobilien am Meer zu verkaufen - Verlass dich auf Agenzia Sabbiaddoro in Lignano Sabbiadoro.","robots":{"index":"index","follow":"follow","max-snippet":"max-snippet:-1","max-image-preview":"max-image-preview:large","max-video-preview":"max-video-preview:-1"},"canonical":"https:\/\/agenziasabbiadoro.it\/de\/acquisto","og_locale":"de_DE","og_type":"article","og_title":"Finde hier dein Haus in Lignano Sabbiadoro","og_description":"An einer einzigen Verkaufsstelle stehen dir bei uns alle Immobilien in Lignano Sabbiadoro zur Verf\u00fcgung","og_url":"https:\/\/agenziasabbiadoro.it\/de\/acquisto","og_site_name":"Agenzia Sabbiadoro","article_publisher":"https:\/\/www.facebook.com\/AgenziaSabbiadoro\/","article_modified_time":"2021-01-09T18:01:18+00:00","og_image":[{"width":2560,"height":1829,"url":"https:\/\/agenziasabbiadoro.it\/wp-content\/uploads\/2020\/04\/03_casa-scaled.jpg","type":"image\/jpeg"}],"twitter_card":"summary_large_image","twitter_misc":{"Gesch\u00e4tzte Lesezeit":"6\u00a0Minuten"},"schema":{"@context":"https:\/\/schema.org","@graph":[{"@type":"WebPage","@id":"https:\/\/agenziasabbiadoro.it\/de\/acquisto","url":"https:\/\/agenziasabbiadoro.it\/de\/acquisto","name":"Immobilien kaufen in Lignano Sabbiadoro | Agenzia Sabbiadoro","isPartOf":{"@id":"https:\/\/agenziasabbiadoro.it\/#website"},"primaryImageOfPage":{"@id":"https:\/\/agenziasabbiadoro.it\/de\/acquisto#primaryimage"},"image":{"@id":"https:\/\/agenziasabbiadoro.it\/de\/acquisto#primaryimage"},"thumbnailUrl":"https:\/\/agenziasabbiadoro.it\/wp-content\/uploads\/2018\/06\/11_vista-mare-appartamento-piscina-lignano.jpg","datePublished":"2017-11-12T10:04:07+00:00","dateModified":"2021-01-09T18:01:18+00:00","description":"Wohnungen, H\u00e4user, Villas und Immobilien am Meer zu verkaufen - Verlass dich auf Agenzia Sabbiaddoro in Lignano Sabbiadoro.","breadcrumb":{"@id":"https:\/\/agenziasabbiadoro.it\/de\/acquisto#breadcrumb"},"inLanguage":"de","potentialAction":[{"@type":"ReadAction","target":["https:\/\/agenziasabbiadoro.it\/de\/acquisto"]}]},{"@type":"ImageObject","inLanguage":"de","@id":"https:\/\/agenziasabbiadoro.it\/de\/acquisto#primaryimage","url":"https:\/\/agenziasabbiadoro.it\/wp-content\/uploads\/2018\/06\/11_vista-mare-appartamento-piscina-lignano.jpg","contentUrl":"https:\/\/agenziasabbiadoro.it\/wp-content\/uploads\/2018\/06\/11_vista-mare-appartamento-piscina-lignano.jpg","width":2800,"height":1748,"caption":"vista mare appartamento in vendita in condominio con piscina a lignano sabbiadoro"},{"@type":"BreadcrumbList","@id":"https:\/\/agenziasabbiadoro.it\/de\/acquisto#breadcrumb","itemListElement":[{"@type":"ListItem","position":1,"name":"Home","item":"https:\/\/agenziasabbiadoro.it\/de"},{"@type":"ListItem","position":2,"name":"Property Finder in Lignano Sabbiadoro"}]},{"@type":"WebSite","@id":"https:\/\/agenziasabbiadoro.it\/#website","url":"https:\/\/agenziasabbiadoro.it\/","name":"Agenzia Sabbiadoro","description":"","publisher":{"@id":"https:\/\/agenziasabbiadoro.it\/#organization"},"potentialAction":[{"@type":"SearchAction","target":{"@type":"EntryPoint","urlTemplate":"https:\/\/agenziasabbiadoro.it\/?s={search_term_string}"},"query-input":{"@type":"PropertyValueSpecification","valueRequired":true,"valueName":"search_term_string"}}],"inLanguage":"de"},{"@type":"Organization","@id":"https:\/\/agenziasabbiadoro.it\/#organization","name":"Agenzia Immobiliare Sabbiadoro","url":"https:\/\/agenziasabbiadoro.it\/","logo":{"@type":"ImageObject","inLanguage":"de","@id":"https:\/\/agenziasabbiadoro.it\/#\/schema\/logo\/image\/","url":"https:\/\/agenziasabbiadoro.it\/wp-content\/uploads\/2019\/03\/Colore_rid.jpg","contentUrl":"https:\/\/agenziasabbiadoro.it\/wp-content\/uploads\/2019\/03\/Colore_rid.jpg","width":1754,"height":1240,"caption":"Agenzia Immobiliare Sabbiadoro"},"image":{"@id":"https:\/\/agenziasabbiadoro.it\/#\/schema\/logo\/image\/"},"sameAs":["https:\/\/www.facebook.com\/AgenziaSabbiadoro\/"]}]}},"_links":{"self":[{"href":"https:\/\/agenziasabbiadoro.it\/de\/wp-json\/wp\/v2\/pages\/3566","targetHints":{"allow":["GET"]}}],"collection":[{"href":"https:\/\/agenziasabbiadoro.it\/de\/wp-json\/wp\/v2\/pages"}],"about":[{"href":"https:\/\/agenziasabbiadoro.it\/de\/wp-json\/wp\/v2\/types\/page"}],"author":[{"embeddable":true,"href":"https:\/\/agenziasabbiadoro.it\/de\/wp-json\/wp\/v2\/users\/1"}],"replies":[{"embeddable":true,"href":"https:\/\/agenziasabbiadoro.it\/de\/wp-json\/wp\/v2\/comments?post=3566"}],"version-history":[{"count":22,"href":"https:\/\/agenziasabbiadoro.it\/de\/wp-json\/wp\/v2\/pages\/3566\/revisions"}],"predecessor-version":[{"id":11813,"href":"https:\/\/agenziasabbiadoro.it\/de\/wp-json\/wp\/v2\/pages\/3566\/revisions\/11813"}],"wp:featuredmedia":[{"embeddable":true,"href":"https:\/\/agenziasabbiadoro.it\/de\/wp-json\/wp\/v2\/media\/8190"}],"wp:attachment":[{"href":"https:\/\/agenziasabbiadoro.it\/de\/wp-json\/wp\/v2\/media?parent=3566"}],"curies":[{"name":"wp","href":"https:\/\/api.w.org\/{rel}","templated":true}]}}